

{"id":54,"date":"2021-12-22T14:41:40","date_gmt":"2021-12-22T14:41:40","guid":{"rendered":"http:\/\/suurkarja8.ee\/?page_id=54"},"modified":"2023-11-01T11:53:37","modified_gmt":"2023-11-01T11:53:37","slug":"kontakt","status":"publish","type":"page","link":"https:\/\/suurkarja8.ee\/en\/kontakt\/","title":{"rendered":"Contact us"},"content":{"rendered":"<div data-elementor-type=\"wp-page\" data-elementor-id=\"54\" class=\"elementor elementor-54\">\n\t\t\t\t\t\t<section class=\"elementor-section elementor-top-section elementor-element elementor-element-2e17aab9 elementor-section-full_width elementor-section-height-min-height elementor-section-content-top parallax elementor-section-height-default elementor-section-items-middle\" data-id=\"2e17aab9\" data-element_type=\"section\" data-e-type=\"section\">\n\t\t\t\t\t\t\t<div class=\"elementor-background-overlay\"><\/div>\n\t\t\t\t\t\t\t<div class=\"elementor-container elementor-column-gap-default\">\n\t\t\t\t\t<div class=\"elementor-column elementor-col-100 elementor-top-column elementor-element elementor-element-614b2d2c\" data-id=\"614b2d2c\" data-element_type=\"column\" data-e-type=\"column\">\n\t\t\t<div class=\"elementor-widget-wrap\">\n\t\t\t\t\t\t\t<\/div>\n\t\t<\/div>\n\t\t\t\t\t<\/div>\n\t\t<\/section>\n\t\t\t\t<section class=\"elementor-section elementor-top-section elementor-element elementor-element-32ebcb58 elementor-reverse-mobile elementor-section-boxed elementor-section-height-default elementor-section-height-default\" data-id=\"32ebcb58\" data-element_type=\"section\" data-e-type=\"section\">\n\t\t\t\t\t\t<div class=\"elementor-container elementor-column-gap-default\">\n\t\t\t\t\t<div class=\"elementor-column elementor-col-50 elementor-top-column elementor-element elementor-element-169ee54c\" data-id=\"169ee54c\" data-element_type=\"column\" data-e-type=\"column\">\n\t\t\t<div class=\"elementor-widget-wrap\">\n\t\t\t\t\t\t\t<\/div>\n\t\t<\/div>\n\t\t\t\t<div class=\"elementor-column elementor-col-50 elementor-top-column elementor-element elementor-element-294c7e4f\" data-id=\"294c7e4f\" data-element_type=\"column\" data-e-type=\"column\">\n\t\t\t<div class=\"elementor-widget-wrap elementor-element-populated\">\n\t\t\t\t\t\t<div class=\"elementor-element elementor-element-792fa529 elementor-widget elementor-widget-spacer\" data-id=\"792fa529\" data-element_type=\"widget\" data-e-type=\"widget\" data-widget_type=\"spacer.default\">\n\t\t\t\t<div class=\"elementor-widget-container\">\n\t\t\t\t\t\t\t<div class=\"elementor-spacer\">\n\t\t\t<div class=\"elementor-spacer-inner\"><\/div>\n\t\t<\/div>\n\t\t\t\t\t\t<\/div>\n\t\t\t\t<\/div>\n\t\t\t\t<div class=\"elementor-element elementor-element-416be8b elementor-widget elementor-widget-heading\" data-id=\"416be8b\" data-element_type=\"widget\" data-e-type=\"widget\" data-widget_type=\"heading.default\">\n\t\t\t\t<div class=\"elementor-widget-container\">\n\t\t\t\t\t<h1 class=\"elementor-heading-title elementor-size-default\">Contact us<\/h1>\t\t\t\t<\/div>\n\t\t\t\t<\/div>\n\t\t\t\t<div class=\"elementor-element elementor-element-408762d3 elementor-widget elementor-widget-spacer\" data-id=\"408762d3\" data-element_type=\"widget\" data-e-type=\"widget\" data-widget_type=\"spacer.default\">\n\t\t\t\t<div class=\"elementor-widget-container\">\n\t\t\t\t\t\t\t<div class=\"elementor-spacer\">\n\t\t\t<div class=\"elementor-spacer-inner\"><\/div>\n\t\t<\/div>\n\t\t\t\t\t\t<\/div>\n\t\t\t\t<\/div>\n\t\t\t\t\t<\/div>\n\t\t<\/div>\n\t\t\t\t\t<\/div>\n\t\t<\/section>\n\t\t\t\t<section class=\"elementor-section elementor-top-section elementor-element elementor-element-02fe7f8 elementor-section-boxed elementor-section-height-default elementor-section-height-default\" data-id=\"02fe7f8\" data-element_type=\"section\" data-e-type=\"section\">\n\t\t\t\t\t\t<div class=\"elementor-container elementor-column-gap-default\">\n\t\t\t\t\t<div class=\"elementor-column elementor-col-100 elementor-top-column elementor-element elementor-element-3926d29\" data-id=\"3926d29\" data-element_type=\"column\" data-e-type=\"column\">\n\t\t\t<div class=\"elementor-widget-wrap elementor-element-populated\">\n\t\t\t\t\t\t<div class=\"elementor-element elementor-element-933f426 elementor-widget elementor-widget-spacer\" data-id=\"933f426\" data-element_type=\"widget\" data-e-type=\"widget\" data-widget_type=\"spacer.default\">\n\t\t\t\t<div class=\"elementor-widget-container\">\n\t\t\t\t\t\t\t<div class=\"elementor-spacer\">\n\t\t\t<div class=\"elementor-spacer-inner\"><\/div>\n\t\t<\/div>\n\t\t\t\t\t\t<\/div>\n\t\t\t\t<\/div>\n\t\t\t\t\t<\/div>\n\t\t<\/div>\n\t\t\t\t\t<\/div>\n\t\t<\/section>\n\t\t\t\t<section class=\"elementor-section elementor-top-section elementor-element elementor-element-a0d5cd4 elementor-section-boxed elementor-section-height-default elementor-section-height-default\" data-id=\"a0d5cd4\" data-element_type=\"section\" data-e-type=\"section\" data-settings=\"{&quot;background_background&quot;:&quot;classic&quot;}\">\n\t\t\t\t\t\t<div class=\"elementor-container elementor-column-gap-default\">\n\t\t\t\t\t<div class=\"elementor-column elementor-col-33 elementor-top-column elementor-element elementor-element-0fc6065\" data-id=\"0fc6065\" data-element_type=\"column\" data-e-type=\"column\">\n\t\t\t<div class=\"elementor-widget-wrap elementor-element-populated\">\n\t\t\t\t\t\t<div class=\"elementor-element elementor-element-0a6d481 elementor-view-default elementor-position-block-start elementor-mobile-position-block-start elementor-widget elementor-widget-icon-box\" data-id=\"0a6d481\" data-element_type=\"widget\" data-e-type=\"widget\" data-widget_type=\"icon-box.default\">\n\t\t\t\t<div class=\"elementor-widget-container\">\n\t\t\t\t\t\t\t<div class=\"elementor-icon-box-wrapper\">\n\n\t\t\t\t\t\t<div class=\"elementor-icon-box-icon\">\n\t\t\t\t<a href=\"tel:+37253334560\" class=\"elementor-icon\" tabindex=\"-1\" aria-label=\"+372 5333 4560\">\n\t\t\t\t<i aria-hidden=\"true\" class=\"fas fa-phone-alt\"><\/i>\t\t\t\t<\/a>\n\t\t\t<\/div>\n\t\t\t\n\t\t\t\t\t\t<div class=\"elementor-icon-box-content\">\n\n\t\t\t\t\t\t\t\t\t<h3 class=\"elementor-icon-box-title\">\n\t\t\t\t\t\t<a href=\"tel:+37253334560\" >\n\t\t\t\t\t\t\t+372 5333 4560\t\t\t\t\t\t<\/a>\n\t\t\t\t\t<\/h3>\n\t\t\t\t\n\t\t\t\t\n\t\t\t<\/div>\n\t\t\t\n\t\t<\/div>\n\t\t\t\t\t\t<\/div>\n\t\t\t\t<\/div>\n\t\t\t\t\t<\/div>\n\t\t<\/div>\n\t\t\t\t<div class=\"elementor-column elementor-col-33 elementor-top-column elementor-element elementor-element-9b17e62\" data-id=\"9b17e62\" data-element_type=\"column\" data-e-type=\"column\">\n\t\t\t<div class=\"elementor-widget-wrap elementor-element-populated\">\n\t\t\t\t\t\t<div class=\"elementor-element elementor-element-2bc82cc elementor-view-default elementor-position-block-start elementor-mobile-position-block-start elementor-widget elementor-widget-icon-box\" data-id=\"2bc82cc\" data-element_type=\"widget\" data-e-type=\"widget\" data-widget_type=\"icon-box.default\">\n\t\t\t\t<div class=\"elementor-widget-container\">\n\t\t\t\t\t\t\t<div class=\"elementor-icon-box-wrapper\">\n\n\t\t\t\t\t\t<div class=\"elementor-icon-box-icon\">\n\t\t\t\t<a href=\"mailto:info@suurkarja8.ee\" class=\"elementor-icon\" tabindex=\"-1\" aria-label=\"info@suurkarja8.ee\">\n\t\t\t\t<i aria-hidden=\"true\" class=\"far fa-envelope\"><\/i>\t\t\t\t<\/a>\n\t\t\t<\/div>\n\t\t\t\n\t\t\t\t\t\t<div class=\"elementor-icon-box-content\">\n\n\t\t\t\t\t\t\t\t\t<h3 class=\"elementor-icon-box-title\">\n\t\t\t\t\t\t<a href=\"mailto:info@suurkarja8.ee\" >\n\t\t\t\t\t\t\tinfo@suurkarja8.ee\t\t\t\t\t\t<\/a>\n\t\t\t\t\t<\/h3>\n\t\t\t\t\n\t\t\t\t\n\t\t\t<\/div>\n\t\t\t\n\t\t<\/div>\n\t\t\t\t\t\t<\/div>\n\t\t\t\t<\/div>\n\t\t\t\t\t<\/div>\n\t\t<\/div>\n\t\t\t\t<div class=\"elementor-column elementor-col-33 elementor-top-column elementor-element elementor-element-835ca45\" data-id=\"835ca45\" data-element_type=\"column\" data-e-type=\"column\">\n\t\t\t<div class=\"elementor-widget-wrap elementor-element-populated\">\n\t\t\t\t\t\t<div class=\"elementor-element elementor-element-4d38dec elementor-view-default elementor-position-block-start elementor-mobile-position-block-start elementor-widget elementor-widget-icon-box\" data-id=\"4d38dec\" data-element_type=\"widget\" data-e-type=\"widget\" data-widget_type=\"icon-box.default\">\n\t\t\t\t<div class=\"elementor-widget-container\">\n\t\t\t\t\t\t\t<div class=\"elementor-icon-box-wrapper\">\n\n\t\t\t\t\t\t<div class=\"elementor-icon-box-icon\">\n\t\t\t\t<a href=\"https:\/\/goo.gl\/maps\/4fpHxqmmA8yWFqE49\" class=\"elementor-icon\" tabindex=\"-1\" aria-label=\"Suur-Karja 8, 10140 Tallinn\">\n\t\t\t\t<i aria-hidden=\"true\" class=\"fas fa-map-pin\"><\/i>\t\t\t\t<\/a>\n\t\t\t<\/div>\n\t\t\t\n\t\t\t\t\t\t<div class=\"elementor-icon-box-content\">\n\n\t\t\t\t\t\t\t\t\t<h3 class=\"elementor-icon-box-title\">\n\t\t\t\t\t\t<a href=\"https:\/\/goo.gl\/maps\/4fpHxqmmA8yWFqE49\" >\n\t\t\t\t\t\t\tSuur-Karja 8, 10140 Tallinn\t\t\t\t\t\t<\/a>\n\t\t\t\t\t<\/h3>\n\t\t\t\t\n\t\t\t\t\n\t\t\t<\/div>\n\t\t\t\n\t\t<\/div>\n\t\t\t\t\t\t<\/div>\n\t\t\t\t<\/div>\n\t\t\t\t\t<\/div>\n\t\t<\/div>\n\t\t\t\t\t<\/div>\n\t\t<\/section>\n\t\t\t\t<section class=\"elementor-section elementor-top-section elementor-element elementor-element-6a45260 elementor-section-boxed elementor-section-height-default elementor-section-height-default\" data-id=\"6a45260\" data-element_type=\"section\" data-e-type=\"section\">\n\t\t\t\t\t\t<div class=\"elementor-container elementor-column-gap-default\">\n\t\t\t\t\t<div class=\"elementor-column elementor-col-100 elementor-top-column elementor-element elementor-element-6fb5e4e\" data-id=\"6fb5e4e\" data-element_type=\"column\" data-e-type=\"column\">\n\t\t\t<div class=\"elementor-widget-wrap elementor-element-populated\">\n\t\t\t\t\t\t<div class=\"elementor-element elementor-element-1a84fca elementor-align-center elementor-widget elementor-widget-button\" data-id=\"1a84fca\" data-element_type=\"widget\" data-e-type=\"widget\" data-widget_type=\"button.default\">\n\t\t\t\t<div class=\"elementor-widget-container\">\n\t\t\t\t\t\t\t\t\t<div class=\"elementor-button-wrapper\">\n\t\t\t\t\t<a class=\"elementor-button elementor-button-link elementor-size-md elementor-animation-grow\" href=\"https:\/\/suurkarja8.ee\/en\/kalender\/\" id=\"pakkumine\">\n\t\t\t\t\t\t<span class=\"elementor-button-content-wrapper\">\n\t\t\t\t\t\t\t\t\t<span class=\"elementor-button-text\">Ask for an offer<\/span>\n\t\t\t\t\t<\/span>\n\t\t\t\t\t<\/a>\n\t\t\t\t<\/div>\n\t\t\t\t\t\t\t\t<\/div>\n\t\t\t\t<\/div>\n\t\t\t\t\t<\/div>\n\t\t<\/div>\n\t\t\t\t\t<\/div>\n\t\t<\/section>\n\t\t\t\t<section class=\"elementor-section elementor-top-section elementor-element elementor-element-7722acb elementor-section-full_width elementor-section-height-min-height elementor-section-content-middle elementor-section-items-bottom parallax elementor-section-height-default\" data-id=\"7722acb\" data-element_type=\"section\" data-e-type=\"section\" data-settings=\"{&quot;background_background&quot;:&quot;classic&quot;}\">\n\t\t\t\t\t\t\t<div class=\"elementor-background-overlay\"><\/div>\n\t\t\t\t\t\t\t<div class=\"elementor-container elementor-column-gap-default\">\n\t\t\t\t\t<div class=\"elementor-column elementor-col-100 elementor-top-column elementor-element elementor-element-4026c03\" data-id=\"4026c03\" data-element_type=\"column\" data-e-type=\"column\">\n\t\t\t<div class=\"elementor-widget-wrap\">\n\t\t\t\t\t\t\t<\/div>\n\t\t<\/div>\n\t\t\t\t\t<\/div>\n\t\t<\/section>\n\t\t\t\t<\/div>","protected":false},"excerpt":{"rendered":"<p>Kontakt +372 5333 4560 info@suurkarja8.ee Suur-Karja 8, 10140 Tallinn K\u00fcsi pakkumist<\/p>","protected":false},"author":1,"featured_media":0,"parent":0,"menu_order":0,"comment_status":"closed","ping_status":"closed","template":"","meta":{"site-sidebar-layout":"no-sidebar","site-content-layout":"page-builder","ast-site-content-layout":"default","site-content-style":"default","site-sidebar-style":"default","ast-global-header-display":"","ast-banner-title-visibility":"","ast-main-header-display":"","ast-hfb-above-header-display":"","ast-hfb-below-header-display":"","ast-hfb-mobile-header-display":"","site-post-title":"disabled","ast-breadcrumbs-content":"","ast-featured-img":"disabled","footer-sml-layout":"","ast-disable-related-posts":"","theme-transparent-header-meta":"","adv-header-id-meta":"","stick-header-meta":"","header-above-stick-meta":"","header-main-stick-meta":"","header-below-stick-meta":"","astra-migrate-meta-layouts":"default","ast-page-background-enabled":"default","ast-page-background-meta":{"desktop":{"background-color":"var(--ast-global-color-4)","background-image":"","background-repeat":"repeat","background-position":"center center","background-size":"auto","background-attachment":"scroll","background-type":"","background-media":"","overlay-type":"","overlay-color":"","overlay-opacity":"","overlay-gradient":""},"tablet":{"background-color":"","background-image":"","background-repeat":"repeat","background-position":"center center","background-size":"auto","background-attachment":"scroll","background-type":"","background-media":"","overlay-type":"","overlay-color":"","overlay-opacity":"","overlay-gradient":""},"mobile":{"background-color":"","background-image":"","background-repeat":"repeat","background-position":"center center","background-size":"auto","background-attachment":"scroll","background-type":"","background-media":"","overlay-type":"","overlay-color":"","overlay-opacity":"","overlay-gradient":""}},"ast-content-background-meta":{"desktop":{"background-color":"var(--ast-global-color-5)","background-image":"","background-repeat":"repeat","background-position":"center center","background-size":"auto","background-attachment":"scroll","background-type":"","background-media":"","overlay-type":"","overlay-color":"","overlay-opacity":"","overlay-gradient":""},"tablet":{"background-color":"var(--ast-global-color-5)","background-image":"","background-repeat":"repeat","background-position":"center center","background-size":"auto","background-attachment":"scroll","background-type":"","background-media":"","overlay-type":"","overlay-color":"","overlay-opacity":"","overlay-gradient":""},"mobile":{"background-color":"var(--ast-global-color-5)","background-image":"","background-repeat":"repeat","background-position":"center center","background-size":"auto","background-attachment":"scroll","background-type":"","background-media":"","overlay-type":"","overlay-color":"","overlay-opacity":"","overlay-gradient":""}},"_vp_format_video_url":"","_vp_image_focal_point":[],"footnotes":""},"class_list":["post-54","page","type-page","status-publish","hentry"],"yoast_head":"<!-- This site is optimized with the Yoast SEO plugin v27.3 - https:\/\/yoast.com\/product\/yoast-seo-wordpress\/ -->\n<title>Suur-Karja 8 &#8226; Kontakt<\/title>\n<meta name=\"description\" content=\"Ruumid Tallinna vanalinna s\u00fcdames firmapidudeks, vastuv\u00f5ttudeks, s\u00fcnnip\u00e4evadeks, pulmadeks, kontsertideks, koolitusteks jms \u00fcritusteks!\" \/>\n<meta name=\"robots\" content=\"index, follow, max-snippet:-1, max-image-preview:large, max-video-preview:-1\" \/>\n<link rel=\"canonical\" href=\"http:\/\/www.suurkarja8.ee\/en\/kontakt\/\" \/>\n<meta property=\"og:locale\" content=\"en_GB\" \/>\n<meta property=\"og:type\" content=\"article\" \/>\n<meta property=\"og:title\" content=\"Suur-Karja 8 &#8226; Kontakt\" \/>\n<meta property=\"og:description\" content=\"Ruumid Tallinna vanalinna s\u00fcdames firmapidudeks, vastuv\u00f5ttudeks, s\u00fcnnip\u00e4evadeks, pulmadeks, kontsertideks, koolitusteks jms \u00fcritusteks!\" \/>\n<meta property=\"og:url\" content=\"http:\/\/www.suurkarja8.ee\/en\/kontakt\/\" \/>\n<meta property=\"og:site_name\" content=\"Suur-Karja 8\" \/>\n<meta property=\"article:publisher\" content=\"https:\/\/www.facebook.com\/suurkarja8\" \/>\n<meta property=\"article:modified_time\" content=\"2023-11-01T11:53:37+00:00\" \/>\n<meta property=\"og:image\" content=\"https:\/\/suurkarja8.ee\/wp-content\/uploads\/2022\/03\/Siin-vo\u0303iks-toimuda-sinu-pidu-1.jpg\" \/>\n\t<meta property=\"og:image:width\" content=\"1200\" \/>\n\t<meta property=\"og:image:height\" content=\"630\" \/>\n\t<meta property=\"og:image:type\" content=\"image\/jpeg\" \/>\n<meta name=\"twitter:card\" content=\"summary_large_image\" \/>\n<meta name=\"twitter:label1\" content=\"Estimated reading time\" \/>\n\t<meta name=\"twitter:data1\" content=\"1 minute\" \/>\n<script type=\"application\/ld+json\" class=\"yoast-schema-graph\">{\"@context\":\"https:\\\/\\\/schema.org\",\"@graph\":[{\"@type\":\"WebPage\",\"@id\":\"http:\\\/\\\/www.suurkarja8.ee\\\/en\\\/kontakt\\\/\",\"url\":\"http:\\\/\\\/www.suurkarja8.ee\\\/en\\\/kontakt\\\/\",\"name\":\"Suur-Karja 8 &#8226; Kontakt\",\"isPartOf\":{\"@id\":\"https:\\\/\\\/suurkarja8.ee\\\/#website\"},\"datePublished\":\"2021-12-22T14:41:40+00:00\",\"dateModified\":\"2023-11-01T11:53:37+00:00\",\"description\":\"Ruumid Tallinna vanalinna s\u00fcdames firmapidudeks, vastuv\u00f5ttudeks, s\u00fcnnip\u00e4evadeks, pulmadeks, kontsertideks, koolitusteks jms \u00fcritusteks!\",\"breadcrumb\":{\"@id\":\"http:\\\/\\\/www.suurkarja8.ee\\\/en\\\/kontakt\\\/#breadcrumb\"},\"inLanguage\":\"en-GB\",\"potentialAction\":[{\"@type\":\"ReadAction\",\"target\":[\"http:\\\/\\\/www.suurkarja8.ee\\\/en\\\/kontakt\\\/\"]}]},{\"@type\":\"BreadcrumbList\",\"@id\":\"http:\\\/\\\/www.suurkarja8.ee\\\/en\\\/kontakt\\\/#breadcrumb\",\"itemListElement\":[{\"@type\":\"ListItem\",\"position\":1,\"name\":\"Home\",\"item\":\"https:\\\/\\\/suurkarja8.ee\\\/\"},{\"@type\":\"ListItem\",\"position\":2,\"name\":\"Kontakt\"}]},{\"@type\":\"WebSite\",\"@id\":\"https:\\\/\\\/suurkarja8.ee\\\/#website\",\"url\":\"https:\\\/\\\/suurkarja8.ee\\\/\",\"name\":\"Suur-Karja 8\",\"description\":\"Ruumid Tallinna vanalinnas sinu \u00fcrituseks!\",\"publisher\":{\"@id\":\"https:\\\/\\\/suurkarja8.ee\\\/#organization\"},\"potentialAction\":[{\"@type\":\"SearchAction\",\"target\":{\"@type\":\"EntryPoint\",\"urlTemplate\":\"https:\\\/\\\/suurkarja8.ee\\\/?s={search_term_string}\"},\"query-input\":{\"@type\":\"PropertyValueSpecification\",\"valueRequired\":true,\"valueName\":\"search_term_string\"}}],\"inLanguage\":\"en-GB\"},{\"@type\":\"Organization\",\"@id\":\"https:\\\/\\\/suurkarja8.ee\\\/#organization\",\"name\":\"Vanalinna Investeeringud O\u00dc\",\"url\":\"https:\\\/\\\/suurkarja8.ee\\\/\",\"logo\":{\"@type\":\"ImageObject\",\"inLanguage\":\"en-GB\",\"@id\":\"https:\\\/\\\/suurkarja8.ee\\\/#\\\/schema\\\/logo\\\/image\\\/\",\"url\":\"https:\\\/\\\/suurkarja8.ee\\\/wp-content\\\/uploads\\\/2022\\\/01\\\/Suur-karja-8-logo1.1-copy-1.png\",\"contentUrl\":\"https:\\\/\\\/suurkarja8.ee\\\/wp-content\\\/uploads\\\/2022\\\/01\\\/Suur-karja-8-logo1.1-copy-1.png\",\"width\":1920,\"height\":646,\"caption\":\"Vanalinna Investeeringud O\u00dc\"},\"image\":{\"@id\":\"https:\\\/\\\/suurkarja8.ee\\\/#\\\/schema\\\/logo\\\/image\\\/\"},\"sameAs\":[\"https:\\\/\\\/www.facebook.com\\\/suurkarja8\",\"https:\\\/\\\/www.instagram.com\\\/suurkarja8\"]}]}<\/script>\n<!-- \/ Yoast SEO plugin. -->","yoast_head_json":{"title":"Suur-Karja 8 &#8226; Kontakt","description":"Ruumid Tallinna vanalinna s\u00fcdames firmapidudeks, vastuv\u00f5ttudeks, s\u00fcnnip\u00e4evadeks, pulmadeks, kontsertideks, koolitusteks jms \u00fcritusteks!","robots":{"index":"index","follow":"follow","max-snippet":"max-snippet:-1","max-image-preview":"max-image-preview:large","max-video-preview":"max-video-preview:-1"},"canonical":"http:\/\/www.suurkarja8.ee\/en\/kontakt\/","og_locale":"en_GB","og_type":"article","og_title":"Suur-Karja 8 &#8226; Kontakt","og_description":"Ruumid Tallinna vanalinna s\u00fcdames firmapidudeks, vastuv\u00f5ttudeks, s\u00fcnnip\u00e4evadeks, pulmadeks, kontsertideks, koolitusteks jms \u00fcritusteks!","og_url":"http:\/\/www.suurkarja8.ee\/en\/kontakt\/","og_site_name":"Suur-Karja 8","article_publisher":"https:\/\/www.facebook.com\/suurkarja8","article_modified_time":"2023-11-01T11:53:37+00:00","og_image":[{"width":1200,"height":630,"url":"https:\/\/suurkarja8.ee\/wp-content\/uploads\/2022\/03\/Siin-vo\u0303iks-toimuda-sinu-pidu-1.jpg","type":"image\/jpeg"}],"twitter_card":"summary_large_image","twitter_misc":{"Estimated reading time":"1 minute"},"schema":{"@context":"https:\/\/schema.org","@graph":[{"@type":"WebPage","@id":"http:\/\/www.suurkarja8.ee\/en\/kontakt\/","url":"http:\/\/www.suurkarja8.ee\/en\/kontakt\/","name":"Suur-Karja 8 &#8226; Kontakt","isPartOf":{"@id":"https:\/\/suurkarja8.ee\/#website"},"datePublished":"2021-12-22T14:41:40+00:00","dateModified":"2023-11-01T11:53:37+00:00","description":"Ruumid Tallinna vanalinna s\u00fcdames firmapidudeks, vastuv\u00f5ttudeks, s\u00fcnnip\u00e4evadeks, pulmadeks, kontsertideks, koolitusteks jms \u00fcritusteks!","breadcrumb":{"@id":"http:\/\/www.suurkarja8.ee\/en\/kontakt\/#breadcrumb"},"inLanguage":"en-GB","potentialAction":[{"@type":"ReadAction","target":["http:\/\/www.suurkarja8.ee\/en\/kontakt\/"]}]},{"@type":"BreadcrumbList","@id":"http:\/\/www.suurkarja8.ee\/en\/kontakt\/#breadcrumb","itemListElement":[{"@type":"ListItem","position":1,"name":"Home","item":"https:\/\/suurkarja8.ee\/"},{"@type":"ListItem","position":2,"name":"Kontakt"}]},{"@type":"WebSite","@id":"https:\/\/suurkarja8.ee\/#website","url":"https:\/\/suurkarja8.ee\/","name":"Suur-Karja 8","description":"Ruumid Tallinna vanalinnas sinu \u00fcrituseks!","publisher":{"@id":"https:\/\/suurkarja8.ee\/#organization"},"potentialAction":[{"@type":"SearchAction","target":{"@type":"EntryPoint","urlTemplate":"https:\/\/suurkarja8.ee\/?s={search_term_string}"},"query-input":{"@type":"PropertyValueSpecification","valueRequired":true,"valueName":"search_term_string"}}],"inLanguage":"en-GB"},{"@type":"Organization","@id":"https:\/\/suurkarja8.ee\/#organization","name":"Vanalinna Investeeringud O\u00dc","url":"https:\/\/suurkarja8.ee\/","logo":{"@type":"ImageObject","inLanguage":"en-GB","@id":"https:\/\/suurkarja8.ee\/#\/schema\/logo\/image\/","url":"https:\/\/suurkarja8.ee\/wp-content\/uploads\/2022\/01\/Suur-karja-8-logo1.1-copy-1.png","contentUrl":"https:\/\/suurkarja8.ee\/wp-content\/uploads\/2022\/01\/Suur-karja-8-logo1.1-copy-1.png","width":1920,"height":646,"caption":"Vanalinna Investeeringud O\u00dc"},"image":{"@id":"https:\/\/suurkarja8.ee\/#\/schema\/logo\/image\/"},"sameAs":["https:\/\/www.facebook.com\/suurkarja8","https:\/\/www.instagram.com\/suurkarja8"]}]}},"_links":{"self":[{"href":"https:\/\/suurkarja8.ee\/en\/wp-json\/wp\/v2\/pages\/54","targetHints":{"allow":["GET"]}}],"collection":[{"href":"https:\/\/suurkarja8.ee\/en\/wp-json\/wp\/v2\/pages"}],"about":[{"href":"https:\/\/suurkarja8.ee\/en\/wp-json\/wp\/v2\/types\/page"}],"author":[{"embeddable":true,"href":"https:\/\/suurkarja8.ee\/en\/wp-json\/wp\/v2\/users\/1"}],"replies":[{"embeddable":true,"href":"https:\/\/suurkarja8.ee\/en\/wp-json\/wp\/v2\/comments?post=54"}],"version-history":[{"count":5,"href":"https:\/\/suurkarja8.ee\/en\/wp-json\/wp\/v2\/pages\/54\/revisions"}],"predecessor-version":[{"id":1792,"href":"https:\/\/suurkarja8.ee\/en\/wp-json\/wp\/v2\/pages\/54\/revisions\/1792"}],"wp:attachment":[{"href":"https:\/\/suurkarja8.ee\/en\/wp-json\/wp\/v2\/media?parent=54"}],"curies":[{"name":"wp","href":"https:\/\/api.w.org\/{rel}","templated":true}]}}