

{"id":40,"date":"2021-12-22T14:37:57","date_gmt":"2021-12-22T14:37:57","guid":{"rendered":"http:\/\/suurkarja8.ee\/?page_id=40"},"modified":"2023-06-09T08:18:33","modified_gmt":"2023-06-09T08:18:33","slug":"hoone","status":"publish","type":"page","link":"http:\/\/suurkarja8.ee\/en\/hoone\/","title":{"rendered":"Building"},"content":{"rendered":"<div data-elementor-type=\"wp-page\" data-elementor-id=\"40\" class=\"elementor elementor-40\">\n\t\t\t\t\t\t<section class=\"elementor-section elementor-top-section elementor-element elementor-element-4706b79f elementor-section-full_width elementor-section-height-min-height elementor-section-content-top parallax elementor-section-height-default elementor-section-items-middle\" data-id=\"4706b79f\" data-element_type=\"section\" data-e-type=\"section\">\n\t\t\t\t\t\t\t<div class=\"elementor-background-overlay\"><\/div>\n\t\t\t\t\t\t\t<div class=\"elementor-container elementor-column-gap-default\">\n\t\t\t\t\t<div class=\"elementor-column elementor-col-100 elementor-top-column elementor-element elementor-element-de3d468\" data-id=\"de3d468\" data-element_type=\"column\" data-e-type=\"column\">\n\t\t\t<div class=\"elementor-widget-wrap\">\n\t\t\t\t\t\t\t<\/div>\n\t\t<\/div>\n\t\t\t\t\t<\/div>\n\t\t<\/section>\n\t\t\t\t<section class=\"elementor-section elementor-top-section elementor-element elementor-element-024b8bb elementor-reverse-mobile elementor-section-boxed elementor-section-height-default elementor-section-height-default\" data-id=\"024b8bb\" data-element_type=\"section\" data-e-type=\"section\">\n\t\t\t\t\t\t<div class=\"elementor-container elementor-column-gap-default\">\n\t\t\t\t\t<div class=\"elementor-column elementor-col-50 elementor-top-column elementor-element elementor-element-d8eb75a\" data-id=\"d8eb75a\" data-element_type=\"column\" data-e-type=\"column\">\n\t\t\t<div class=\"elementor-widget-wrap\">\n\t\t\t\t\t\t\t<\/div>\n\t\t<\/div>\n\t\t\t\t<div class=\"elementor-column elementor-col-50 elementor-top-column elementor-element elementor-element-348689d\" data-id=\"348689d\" data-element_type=\"column\" data-e-type=\"column\">\n\t\t\t<div class=\"elementor-widget-wrap elementor-element-populated\">\n\t\t\t\t\t\t<div class=\"elementor-element elementor-element-fa4d3a2 elementor-widget elementor-widget-spacer\" data-id=\"fa4d3a2\" data-element_type=\"widget\" data-e-type=\"widget\" data-widget_type=\"spacer.default\">\n\t\t\t\t<div class=\"elementor-widget-container\">\n\t\t\t\t\t\t\t<div class=\"elementor-spacer\">\n\t\t\t<div class=\"elementor-spacer-inner\"><\/div>\n\t\t<\/div>\n\t\t\t\t\t\t<\/div>\n\t\t\t\t<\/div>\n\t\t\t\t<div class=\"elementor-element elementor-element-329673f elementor-widget elementor-widget-heading\" data-id=\"329673f\" data-element_type=\"widget\" data-e-type=\"widget\" data-widget_type=\"heading.default\">\n\t\t\t\t<div class=\"elementor-widget-container\">\n\t\t\t\t\t<h1 class=\"elementor-heading-title elementor-size-default\">Building<\/h1>\t\t\t\t<\/div>\n\t\t\t\t<\/div>\n\t\t\t\t<div class=\"elementor-element elementor-element-0d9e998 elementor-widget elementor-widget-spacer\" data-id=\"0d9e998\" data-element_type=\"widget\" data-e-type=\"widget\" data-widget_type=\"spacer.default\">\n\t\t\t\t<div class=\"elementor-widget-container\">\n\t\t\t\t\t\t\t<div class=\"elementor-spacer\">\n\t\t\t<div class=\"elementor-spacer-inner\"><\/div>\n\t\t<\/div>\n\t\t\t\t\t\t<\/div>\n\t\t\t\t<\/div>\n\t\t\t\t\t<\/div>\n\t\t<\/div>\n\t\t\t\t\t<\/div>\n\t\t<\/section>\n\t\t\t\t<section class=\"elementor-section elementor-top-section elementor-element elementor-element-46f664e elementor-section-boxed elementor-section-height-default elementor-section-height-default\" data-id=\"46f664e\" data-element_type=\"section\" data-e-type=\"section\">\n\t\t\t\t\t\t<div class=\"elementor-container elementor-column-gap-default\">\n\t\t\t\t\t<div class=\"elementor-column elementor-col-100 elementor-top-column elementor-element elementor-element-be4a124\" data-id=\"be4a124\" data-element_type=\"column\" data-e-type=\"column\">\n\t\t\t<div class=\"elementor-widget-wrap elementor-element-populated\">\n\t\t\t\t\t\t<div class=\"elementor-element elementor-element-75c816a elementor-widget elementor-widget-spacer\" data-id=\"75c816a\" data-element_type=\"widget\" data-e-type=\"widget\" data-widget_type=\"spacer.default\">\n\t\t\t\t<div class=\"elementor-widget-container\">\n\t\t\t\t\t\t\t<div class=\"elementor-spacer\">\n\t\t\t<div class=\"elementor-spacer-inner\"><\/div>\n\t\t<\/div>\n\t\t\t\t\t\t<\/div>\n\t\t\t\t<\/div>\n\t\t\t\t\t<\/div>\n\t\t<\/div>\n\t\t\t\t\t<\/div>\n\t\t<\/section>\n\t\t\t\t<section class=\"elementor-section elementor-top-section elementor-element elementor-element-68f0bd6 elementor-section-boxed elementor-section-height-default elementor-section-height-default\" data-id=\"68f0bd6\" data-element_type=\"section\" data-e-type=\"section\">\n\t\t\t\t\t\t<div class=\"elementor-container elementor-column-gap-default\">\n\t\t\t\t\t<div class=\"elementor-column elementor-col-100 elementor-top-column elementor-element elementor-element-d6defe2\" data-id=\"d6defe2\" data-element_type=\"column\" data-e-type=\"column\">\n\t\t\t<div class=\"elementor-widget-wrap elementor-element-populated\">\n\t\t\t\t\t\t<div class=\"elementor-element elementor-element-69d0ed4 elementor-widget elementor-widget-text-editor\" data-id=\"69d0ed4\" data-element_type=\"widget\" data-e-type=\"widget\" data-widget_type=\"text-editor.default\">\n\t\t\t\t<div class=\"elementor-widget-container\">\n\t\t\t\t\t\t\t\t\t<p>The building of Suur-Karja 8 is well\npreserved diele-dornse type medieval\nresidence. In archives the first mentioning\nof it was in the beginning of 15 th century,\nthus making it one of the oldest survived\nbuildings in Tallinn. Initially the three\nstory, with sharply rising roof , the house\nwas also somewhat unique - it had two\nheated living rooms in the inner part of\nthe building. The southern gate building\nwas built probably at the same time with\nthe main building. In the second half of\n18 th century the house was rebuilt partly,\nwhen 2 nd and 3 rd floors were adjusted for\nliving rooms. Another larger\nreconstruction was undertaken in the end\nof 19 th century. In 1920-30\u2019s a printing\ncompany \u201cEstotr\u00fckk\u201d operated in the\nbuilding. In the end of 1990\u2019s another\nlarge renovation was made which resulted\nwith nomination of \u201cThe best renovated\nbuilding of Tallinn\u201d in 2001.<\/p>\t\t\t\t\t\t\t\t<\/div>\n\t\t\t\t<\/div>\n\t\t\t\t\t<\/div>\n\t\t<\/div>\n\t\t\t\t\t<\/div>\n\t\t<\/section>\n\t\t\t\t<section class=\"elementor-section elementor-top-section elementor-element elementor-element-3d19dea elementor-section-full_width elementor-section-height-min-height parallax elementor-section-height-default elementor-section-items-middle\" data-id=\"3d19dea\" data-element_type=\"section\" data-e-type=\"section\">\n\t\t\t\t\t\t\t<div class=\"elementor-background-overlay\"><\/div>\n\t\t\t\t\t\t\t<div class=\"elementor-container elementor-column-gap-default\">\n\t\t\t\t\t<div class=\"elementor-column elementor-col-100 elementor-top-column elementor-element elementor-element-cdc79d6\" data-id=\"cdc79d6\" data-element_type=\"column\" data-e-type=\"column\">\n\t\t\t<div class=\"elementor-widget-wrap\">\n\t\t\t\t\t\t\t<\/div>\n\t\t<\/div>\n\t\t\t\t\t<\/div>\n\t\t<\/section>\n\t\t\t\t<section class=\"elementor-section elementor-top-section elementor-element elementor-element-7ec8598 elementor-section-boxed elementor-section-height-default elementor-section-height-default\" data-id=\"7ec8598\" data-element_type=\"section\" data-e-type=\"section\">\n\t\t\t\t\t\t<div class=\"elementor-container elementor-column-gap-default\">\n\t\t\t\t\t<div class=\"elementor-column elementor-col-100 elementor-top-column elementor-element elementor-element-c3d87b1\" data-id=\"c3d87b1\" data-element_type=\"column\" data-e-type=\"column\">\n\t\t\t<div class=\"elementor-widget-wrap elementor-element-populated\">\n\t\t\t\t\t\t<div class=\"elementor-element elementor-element-ca05c90 elementor-widget elementor-widget-text-editor\" data-id=\"ca05c90\" data-element_type=\"widget\" data-e-type=\"widget\" data-widget_type=\"text-editor.default\">\n\t\t\t\t<div class=\"elementor-widget-container\">\n\t\t\t\t\t\t\t\t\t<p class=\"translation-block\">Despite the reconstructions, a number of old constructions and details have been preserved, of which the main portal and the pillar supporting the main beam, which is the only one, what has remained in its original place in Tallinn, deserve attention. Diele is the large main room or hallway on the street side of Tallinn's late medieval residential building, which is half a floor higher than the neighboring rooms. It was a work space for artisans and a shop and office space for merchants. At the back of the diele is a chimney kitchen and a staircase opposite it, which leads to the balcony on the mezzanine above the dornse. The Dornse door is in the back wall, as the street-side wall has a main door with an external portal and a large rectangular window opening next to it (on one or both sides).<\/p>\t\t\t\t\t\t\t\t<\/div>\n\t\t\t\t<\/div>\n\t\t\t\t\t<\/div>\n\t\t<\/div>\n\t\t\t\t\t<\/div>\n\t\t<\/section>\n\t\t\t\t<section class=\"elementor-section elementor-top-section elementor-element elementor-element-1f63c40 elementor-section-full_width elementor-section-height-min-height parallax elementor-section-height-default elementor-section-items-middle\" data-id=\"1f63c40\" data-element_type=\"section\" data-e-type=\"section\">\n\t\t\t\t\t\t\t<div class=\"elementor-background-overlay\"><\/div>\n\t\t\t\t\t\t\t<div class=\"elementor-container elementor-column-gap-default\">\n\t\t\t\t\t<div class=\"elementor-column elementor-col-100 elementor-top-column elementor-element elementor-element-4171fcd\" data-id=\"4171fcd\" data-element_type=\"column\" data-e-type=\"column\">\n\t\t\t<div class=\"elementor-widget-wrap\">\n\t\t\t\t\t\t\t<\/div>\n\t\t<\/div>\n\t\t\t\t\t<\/div>\n\t\t<\/section>\n\t\t\t\t<\/div>","protected":false},"excerpt":{"rendered":"<p>Hoone Suur-Karja 8 hoone on h\u00e4sti s\u00e4ilinud hilisgooti diele-dornse t\u00fc\u00fcpi elamu. Arhiiviallikates on seda mainitud juba 15. sajandi esimesel poolel &#8211; seega on Suur-Karja 8 \u00fcks vanim seni s\u00e4ilinud Tallinna hoonetest. P\u00f5hiplaanilt on ta sarnane Tallinna suurte keskaegsete elamutega. Algselt oli see kolmekorruseline, terava viilfassaadiga kivielamu ka omalaadne: hoovi pool oli mitte \u00fcks, nagu enamasti [&hellip;]<\/p>\n","protected":false},"author":1,"featured_media":0,"parent":0,"menu_order":0,"comment_status":"closed","ping_status":"closed","template":"","meta":{"site-sidebar-layout":"no-sidebar","site-content-layout":"page-builder","ast-site-content-layout":"default","site-content-style":"default","site-sidebar-style":"default","ast-global-header-display":"","ast-banner-title-visibility":"","ast-main-header-display":"","ast-hfb-above-header-display":"","ast-hfb-below-header-display":"","ast-hfb-mobile-header-display":"","site-post-title":"disabled","ast-breadcrumbs-content":"","ast-featured-img":"disabled","footer-sml-layout":"","ast-disable-related-posts":"","theme-transparent-header-meta":"","adv-header-id-meta":"","stick-header-meta":"","header-above-stick-meta":"","header-main-stick-meta":"","header-below-stick-meta":"","astra-migrate-meta-layouts":"default","ast-page-background-enabled":"default","ast-page-background-meta":{"desktop":{"background-color":"var(--ast-global-color-4)","background-image":"","background-repeat":"repeat","background-position":"center center","background-size":"auto","background-attachment":"scroll","background-type":"","background-media":"","overlay-type":"","overlay-color":"","overlay-opacity":"","overlay-gradient":""},"tablet":{"background-color":"","background-image":"","background-repeat":"repeat","background-position":"center center","background-size":"auto","background-attachment":"scroll","background-type":"","background-media":"","overlay-type":"","overlay-color":"","overlay-opacity":"","overlay-gradient":""},"mobile":{"background-color":"","background-image":"","background-repeat":"repeat","background-position":"center center","background-size":"auto","background-attachment":"scroll","background-type":"","background-media":"","overlay-type":"","overlay-color":"","overlay-opacity":"","overlay-gradient":""}},"ast-content-background-meta":{"desktop":{"background-color":"var(--ast-global-color-5)","background-image":"","background-repeat":"repeat","background-position":"center center","background-size":"auto","background-attachment":"scroll","background-type":"","background-media":"","overlay-type":"","overlay-color":"","overlay-opacity":"","overlay-gradient":""},"tablet":{"background-color":"var(--ast-global-color-5)","background-image":"","background-repeat":"repeat","background-position":"center center","background-size":"auto","background-attachment":"scroll","background-type":"","background-media":"","overlay-type":"","overlay-color":"","overlay-opacity":"","overlay-gradient":""},"mobile":{"background-color":"var(--ast-global-color-5)","background-image":"","background-repeat":"repeat","background-position":"center center","background-size":"auto","background-attachment":"scroll","background-type":"","background-media":"","overlay-type":"","overlay-color":"","overlay-opacity":"","overlay-gradient":""}},"_vp_format_video_url":"","_vp_image_focal_point":[],"footnotes":""},"class_list":["post-40","page","type-page","status-publish","hentry"],"yoast_head":"<!-- This site is optimized with the Yoast SEO plugin v27.4 - https:\/\/yoast.com\/product\/yoast-seo-wordpress\/ -->\n<title>Suur-Karja 8 &#8226; Hoone<\/title>\n<meta name=\"description\" content=\"Suur-Karja 8 hoonet on arhiiviallikates mainitud juba 15. sajandil - seega on Suur-Karja 8 \u00fcks vanim seni s\u00e4ilinud Tallinna hoonetest.\" \/>\n<meta name=\"robots\" content=\"index, follow, max-snippet:-1, max-image-preview:large, max-video-preview:-1\" \/>\n<link rel=\"canonical\" href=\"https:\/\/suurkarja8.ee\/en\/hoone\/\" \/>\n<meta property=\"og:locale\" content=\"en_GB\" \/>\n<meta property=\"og:type\" content=\"article\" \/>\n<meta property=\"og:title\" content=\"Suur-Karja 8 &#8226; Hoone\" \/>\n<meta property=\"og:description\" content=\"Suur-Karja 8 hoonet on arhiiviallikates mainitud juba 15. sajandil - seega on Suur-Karja 8 \u00fcks vanim seni s\u00e4ilinud Tallinna hoonetest.\" \/>\n<meta property=\"og:url\" content=\"https:\/\/suurkarja8.ee\/en\/hoone\/\" \/>\n<meta property=\"og:site_name\" content=\"Suur-Karja 8\" \/>\n<meta property=\"article:publisher\" content=\"https:\/\/www.facebook.com\/suurkarja8\" \/>\n<meta property=\"article:modified_time\" content=\"2023-06-09T08:18:33+00:00\" \/>\n<meta property=\"og:image\" content=\"https:\/\/suurkarja8.ee\/wp-content\/uploads\/2022\/03\/Siin-vo\u0303iks-toimuda-sinu-pidu-1.jpg\" \/>\n\t<meta property=\"og:image:width\" content=\"1200\" \/>\n\t<meta property=\"og:image:height\" content=\"630\" \/>\n\t<meta property=\"og:image:type\" content=\"image\/jpeg\" \/>\n<meta name=\"twitter:card\" content=\"summary_large_image\" \/>\n<meta name=\"twitter:label1\" content=\"Estimated reading time\" \/>\n\t<meta name=\"twitter:data1\" content=\"2 minutes\" \/>\n<script type=\"application\/ld+json\" class=\"yoast-schema-graph\">{\"@context\":\"https:\\\/\\\/schema.org\",\"@graph\":[{\"@type\":\"WebPage\",\"@id\":\"https:\\\/\\\/suurkarja8.ee\\\/en\\\/hoone\\\/\",\"url\":\"https:\\\/\\\/suurkarja8.ee\\\/en\\\/hoone\\\/\",\"name\":\"Suur-Karja 8 &#8226; Hoone\",\"isPartOf\":{\"@id\":\"https:\\\/\\\/suurkarja8.ee\\\/en\\\/#website\"},\"datePublished\":\"2021-12-22T14:37:57+00:00\",\"dateModified\":\"2023-06-09T08:18:33+00:00\",\"description\":\"Suur-Karja 8 hoonet on arhiiviallikates mainitud juba 15. sajandil - seega on Suur-Karja 8 \u00fcks vanim seni s\u00e4ilinud Tallinna hoonetest.\",\"breadcrumb\":{\"@id\":\"https:\\\/\\\/suurkarja8.ee\\\/en\\\/hoone\\\/#breadcrumb\"},\"inLanguage\":\"en-GB\",\"potentialAction\":[{\"@type\":\"ReadAction\",\"target\":[\"https:\\\/\\\/suurkarja8.ee\\\/en\\\/hoone\\\/\"]}]},{\"@type\":\"BreadcrumbList\",\"@id\":\"https:\\\/\\\/suurkarja8.ee\\\/en\\\/hoone\\\/#breadcrumb\",\"itemListElement\":[{\"@type\":\"ListItem\",\"position\":1,\"name\":\"Home\",\"item\":\"https:\\\/\\\/suurkarja8.ee\\\/en\\\/\"},{\"@type\":\"ListItem\",\"position\":2,\"name\":\"Hoone\"}]},{\"@type\":\"WebSite\",\"@id\":\"https:\\\/\\\/suurkarja8.ee\\\/en\\\/#website\",\"url\":\"https:\\\/\\\/suurkarja8.ee\\\/en\\\/\",\"name\":\"Suur-Karja 8\",\"description\":\"Ruumid Tallinna vanalinnas sinu \u00fcrituseks!\",\"publisher\":{\"@id\":\"https:\\\/\\\/suurkarja8.ee\\\/en\\\/#organization\"},\"potentialAction\":[{\"@type\":\"SearchAction\",\"target\":{\"@type\":\"EntryPoint\",\"urlTemplate\":\"https:\\\/\\\/suurkarja8.ee\\\/en\\\/?s={search_term_string}\"},\"query-input\":{\"@type\":\"PropertyValueSpecification\",\"valueRequired\":true,\"valueName\":\"search_term_string\"}}],\"inLanguage\":\"en-GB\"},{\"@type\":\"Organization\",\"@id\":\"https:\\\/\\\/suurkarja8.ee\\\/en\\\/#organization\",\"name\":\"Vanalinna Investeeringud O\u00dc\",\"url\":\"https:\\\/\\\/suurkarja8.ee\\\/en\\\/\",\"logo\":{\"@type\":\"ImageObject\",\"inLanguage\":\"en-GB\",\"@id\":\"https:\\\/\\\/suurkarja8.ee\\\/en\\\/#\\\/schema\\\/logo\\\/image\\\/\",\"url\":\"https:\\\/\\\/suurkarja8.ee\\\/wp-content\\\/uploads\\\/2022\\\/01\\\/Suur-karja-8-logo1.1-copy-1.png\",\"contentUrl\":\"https:\\\/\\\/suurkarja8.ee\\\/wp-content\\\/uploads\\\/2022\\\/01\\\/Suur-karja-8-logo1.1-copy-1.png\",\"width\":1920,\"height\":646,\"caption\":\"Vanalinna Investeeringud O\u00dc\"},\"image\":{\"@id\":\"https:\\\/\\\/suurkarja8.ee\\\/en\\\/#\\\/schema\\\/logo\\\/image\\\/\"},\"sameAs\":[\"https:\\\/\\\/www.facebook.com\\\/suurkarja8\",\"https:\\\/\\\/www.instagram.com\\\/suurkarja8\"]}]}<\/script>\n<!-- \/ Yoast SEO plugin. -->","yoast_head_json":{"title":"Suur-Karja 8 &#8226; Hoone","description":"Suur-Karja 8 hoonet on arhiiviallikates mainitud juba 15. sajandil - seega on Suur-Karja 8 \u00fcks vanim seni s\u00e4ilinud Tallinna hoonetest.","robots":{"index":"index","follow":"follow","max-snippet":"max-snippet:-1","max-image-preview":"max-image-preview:large","max-video-preview":"max-video-preview:-1"},"canonical":"https:\/\/suurkarja8.ee\/en\/hoone\/","og_locale":"en_GB","og_type":"article","og_title":"Suur-Karja 8 &#8226; Hoone","og_description":"Suur-Karja 8 hoonet on arhiiviallikates mainitud juba 15. sajandil - seega on Suur-Karja 8 \u00fcks vanim seni s\u00e4ilinud Tallinna hoonetest.","og_url":"https:\/\/suurkarja8.ee\/en\/hoone\/","og_site_name":"Suur-Karja 8","article_publisher":"https:\/\/www.facebook.com\/suurkarja8","article_modified_time":"2023-06-09T08:18:33+00:00","og_image":[{"width":1200,"height":630,"url":"https:\/\/suurkarja8.ee\/wp-content\/uploads\/2022\/03\/Siin-vo\u0303iks-toimuda-sinu-pidu-1.jpg","type":"image\/jpeg"}],"twitter_card":"summary_large_image","twitter_misc":{"Estimated reading time":"2 minutes"},"schema":{"@context":"https:\/\/schema.org","@graph":[{"@type":"WebPage","@id":"https:\/\/suurkarja8.ee\/en\/hoone\/","url":"https:\/\/suurkarja8.ee\/en\/hoone\/","name":"Suur-Karja 8 &#8226; Hoone","isPartOf":{"@id":"https:\/\/suurkarja8.ee\/en\/#website"},"datePublished":"2021-12-22T14:37:57+00:00","dateModified":"2023-06-09T08:18:33+00:00","description":"Suur-Karja 8 hoonet on arhiiviallikates mainitud juba 15. sajandil - seega on Suur-Karja 8 \u00fcks vanim seni s\u00e4ilinud Tallinna hoonetest.","breadcrumb":{"@id":"https:\/\/suurkarja8.ee\/en\/hoone\/#breadcrumb"},"inLanguage":"en-GB","potentialAction":[{"@type":"ReadAction","target":["https:\/\/suurkarja8.ee\/en\/hoone\/"]}]},{"@type":"BreadcrumbList","@id":"https:\/\/suurkarja8.ee\/en\/hoone\/#breadcrumb","itemListElement":[{"@type":"ListItem","position":1,"name":"Home","item":"https:\/\/suurkarja8.ee\/en\/"},{"@type":"ListItem","position":2,"name":"Hoone"}]},{"@type":"WebSite","@id":"https:\/\/suurkarja8.ee\/en\/#website","url":"https:\/\/suurkarja8.ee\/en\/","name":"Suur-Karja 8","description":"Ruumid Tallinna vanalinnas sinu \u00fcrituseks!","publisher":{"@id":"https:\/\/suurkarja8.ee\/en\/#organization"},"potentialAction":[{"@type":"SearchAction","target":{"@type":"EntryPoint","urlTemplate":"https:\/\/suurkarja8.ee\/en\/?s={search_term_string}"},"query-input":{"@type":"PropertyValueSpecification","valueRequired":true,"valueName":"search_term_string"}}],"inLanguage":"en-GB"},{"@type":"Organization","@id":"https:\/\/suurkarja8.ee\/en\/#organization","name":"Vanalinna Investeeringud O\u00dc","url":"https:\/\/suurkarja8.ee\/en\/","logo":{"@type":"ImageObject","inLanguage":"en-GB","@id":"https:\/\/suurkarja8.ee\/en\/#\/schema\/logo\/image\/","url":"https:\/\/suurkarja8.ee\/wp-content\/uploads\/2022\/01\/Suur-karja-8-logo1.1-copy-1.png","contentUrl":"https:\/\/suurkarja8.ee\/wp-content\/uploads\/2022\/01\/Suur-karja-8-logo1.1-copy-1.png","width":1920,"height":646,"caption":"Vanalinna Investeeringud O\u00dc"},"image":{"@id":"https:\/\/suurkarja8.ee\/en\/#\/schema\/logo\/image\/"},"sameAs":["https:\/\/www.facebook.com\/suurkarja8","https:\/\/www.instagram.com\/suurkarja8"]}]}},"_links":{"self":[{"href":"http:\/\/suurkarja8.ee\/en\/wp-json\/wp\/v2\/pages\/40","targetHints":{"allow":["GET"]}}],"collection":[{"href":"http:\/\/suurkarja8.ee\/en\/wp-json\/wp\/v2\/pages"}],"about":[{"href":"http:\/\/suurkarja8.ee\/en\/wp-json\/wp\/v2\/types\/page"}],"author":[{"embeddable":true,"href":"http:\/\/suurkarja8.ee\/en\/wp-json\/wp\/v2\/users\/1"}],"replies":[{"embeddable":true,"href":"http:\/\/suurkarja8.ee\/en\/wp-json\/wp\/v2\/comments?post=40"}],"version-history":[{"count":5,"href":"http:\/\/suurkarja8.ee\/en\/wp-json\/wp\/v2\/pages\/40\/revisions"}],"predecessor-version":[{"id":1715,"href":"http:\/\/suurkarja8.ee\/en\/wp-json\/wp\/v2\/pages\/40\/revisions\/1715"}],"wp:attachment":[{"href":"http:\/\/suurkarja8.ee\/en\/wp-json\/wp\/v2\/media?parent=40"}],"curies":[{"name":"wp","href":"https:\/\/api.w.org\/{rel}","templated":true}]}}